{"id":5209,"date":"2023-04-20T18:38:42","date_gmt":"2023-04-20T16:38:42","guid":{"rendered":"https:\/\/adocia2.s18854168.onlinehome-server.info\/partenariat\/"},"modified":"2026-01-15T17:11:36","modified_gmt":"2026-01-15T16:11:36","slug":"partenariat","status":"publish","type":"page","link":"https:\/\/adocia2.s18854168.onlinehome-server.info\/fr\/partenariat\/","title":{"rendered":"Partenariat"},"content":{"rendered":"<section class=\"wpb-content-wrapper\"><p>[vc_row content_placement=\u00a0\u00bbmiddle\u00a0\u00bb el_id=\u00a0\u00bbfirstimg\u00a0\u00bb css=\u00a0\u00bb.vc_custom_1714031940676{background-image: url(https:\/\/adocia2.s18854168.onlinehome-server.info\/composants\/uploads\/2024\/04\/Adocia-2024-22-1.jpg?id=18066) !important;background-position: center !important;background-repeat: no-repeat !important;background-size: cover !important;}\u00a0\u00bb][vc_column][vc_row_inner el_class=\u00a0\u00bbcontainer\u00a0\u00bb][vc_column_inner el_class=\u00a0\u00bbfadeInLeft\u00a0\u00bb width=\u00a0\u00bb3\/4&Prime; offset=\u00a0\u00bbvc_col-md-5&Prime;][vc_column_text]<\/p>\n<h1>Partenariat<\/h1>\n<p>[\/vc_column_text][vc_column_text][\/vc_column_text]\n        <a class=\"theme-btn\" href=\"https:\/\/adocia2.s18854168.onlinehome-server.info\/fr\/contact\/\" target=\"\" rel=\"\">\n        Nous contacter                    <img decoding=\"async\" src=\"https:\/\/adocia2.s18854168.onlinehome-server.info\/composants\/themes\/adocia\/inc\/assets\/img\/icon-arrow_right.svg\" alt=\"Arrow right\">\n            <\/a>\n    \n    [\/vc_column_inner][\/vc_row_inner][\/vc_column][\/vc_row][vc_row el_class=\u00a0\u00bbcontainer\u00a0\u00bb][vc_column][vc_column_text]\t\t\t<!-- Flexy Breadcrumb -->\r\n\t\t\t<div class=\"fbc fbc-page\">\r\n\r\n\t\t\t\t<!-- Breadcrumb wrapper -->\r\n\t\t\t\t<div class=\"fbc-wrap\">\r\n\r\n\t\t\t\t\t<!-- Ordered list-->\r\n\t\t\t\t\t<ol class=\"fbc-items\" itemscope itemtype=\"https:\/\/schema.org\/BreadcrumbList\">\r\n\t\t\t\t\t\t            <li itemprop=\"itemListElement\" itemscope itemtype=\"https:\/\/schema.org\/ListItem\">\r\n                <span itemprop=\"name\">\r\n                    <!-- Home Link -->\r\n                    <a itemprop=\"item\" href=\"https:\/\/adocia2.s18854168.onlinehome-server.info\/fr\/\">\r\n                    \r\n                        Accueil                    <\/a>\r\n                <\/span>\r\n                <meta itemprop=\"position\" content=\"1\" \/><!-- Meta Position-->\r\n             <\/li><li><span class=\"fbc-separator\">><\/span><\/li><li class=\"active\" itemprop=\"itemListElement\" itemscope itemtype=\"https:\/\/schema.org\/ListItem\"><span itemprop=\"name\" title=\"Partenariat\">Partenariat<\/span><meta itemprop=\"position\" content=\"2\" \/><\/li>\t\t\t\t\t<\/ol>\r\n\t\t\t\t\t<div class=\"clearfix\"><\/div>\r\n\t\t\t\t<\/div>\r\n\t\t\t<\/div>\r\n\t\t\t[\/vc_column_text][\/vc_column][\/vc_row][vc_row el_class=\u00a0\u00bbcontainer mb-5&Prime;][vc_column][vc_column_text el_class=\u00a0\u00bbcheck-list fadeInBottom\u00a0\u00bb]<\/p>\n<h2>Mod\u00e8le \u00e9conomique d&rsquo;Adocia : licencier son portefeuille de produits innovants et ses plateformes technologiques<\/h2>\n<p>Le mod\u00e8le \u00e9conomique d&rsquo;Adocia consiste \u00e0 d\u00e9velopper des produits innovants et \u00e0 en \u00e9tablir la preuve de concept en vue de les licencier \u00e0 des partenaires pharmaceutiques.<\/p>\n<p>Au fil des ann\u00e9es, Adocia a construit un portefeuille diversifi\u00e9 de produits sp\u00e9cialis\u00e9s dans le diab\u00e8te et l&rsquo;ob\u00e9sit\u00e9. Le stade de d\u00e9veloppement des produits va de la preuve de concept chez l&rsquo;animal aux essais cliniques de Phase 3. Adocia recherche activement des partenaires pour poursuivre le d\u00e9veloppement de ces produits et en assurer la commercialisation.<\/p>\n<p>Les produits d&rsquo;Adocia sont bas\u00e9s sur quatre plateformes technologiques propri\u00e9taires pour lesquelles la soci\u00e9t\u00e9 explore des opportunit\u00e9s de partenariat, dans tous les domaines th\u00e9rapeutiques.<\/p>\n<ul>\n<li>BioChaperone<sup>\u00ae<\/sup>, pour le d\u00e9veloppement de formulations innovantes de peptides et de prot\u00e9ines<\/li>\n<li>AdoShell<sup>\u00ae<\/sup>, plateforme de th\u00e9rapie cellulaire<\/li>\n<li>AdOral<sup>\u00ae<\/sup>, plateforme pour l\u2019administration orale de peptides<\/li>\n<li>AdoXLong<sup>TM<\/sup>, formulation injectable de peptides \u00e0 longue dur\u00e9e d\u2019action<\/li>\n<\/ul>\n<p>Adocia offre la possibilit\u00e9 de r\u00e9aliser des \u00e9tudes de faisabilit\u00e9 afin d&rsquo;\u00e9valuer le potentiel de ses plateformes technologiques combin\u00e9es aux mol\u00e9cules de ses partenaires. Les domaines d\u2019applications des licences octroy\u00e9es sur les plateformes technologiques peuvent s\u2019\u00e9tendre \u00e0 diverses aires th\u00e9rapeutiques.[\/vc_column_text][\/vc_column][\/vc_row][vc_row][vc_column el_class=\u00a0\u00bbbg-gradient py-5 mt-4&Prime;]\n            <div class=\"text-center\">\n        <a class=\"theme-btn\" href=\"https:\/\/adocia2.s18854168.onlinehome-server.info\/fr\/contact\/\" target=\"\" rel=\"\">\n        Nous contacter                    <img decoding=\"async\" src=\"https:\/\/adocia2.s18854168.onlinehome-server.info\/composants\/themes\/adocia\/inc\/assets\/img\/icon-arrow_right.svg\" alt=\"Arrow right\">\n            <\/a>\n            <\/div>\n    \n    [\/vc_column][\/vc_row][vc_row][vc_column][\/vc_column][\/vc_row]<\/p>\n<\/section>","protected":false},"excerpt":{"rendered":"<p>[vc_row content_placement=\u00a0\u00bbmiddle\u00a0\u00bb el_id=\u00a0\u00bbfirstimg\u00a0\u00bb css=\u00a0\u00bb.vc_custom_1714031940676{background-image: url(https:\/\/adocia2.s18854168.onlinehome-server.info\/composants\/uploads\/2024\/04\/Adocia-2024-22-1.jpg?id=18066) !important;background-position: center !important;background-repeat: no-repeat !important;background-size: cover !important;}\u00a0\u00bb][vc_column][vc_row_inner el_class=\u00a0\u00bbcontainer\u00a0\u00bb][vc_column_inner el_class=\u00a0\u00bbfadeInLeft\u00a0\u00bb width=\u00a0\u00bb3\/4&Prime; offset=\u00a0\u00bbvc_col-md-5&Prime;][vc_column_text] Partenariat [\/vc_column_text][vc_column_text][\/vc_column_text][\/vc_column_inner][\/vc_row_inner][\/vc_column][\/vc_row][vc_row el_class=\u00a0\u00bbcontainer\u00a0\u00bb][vc_column][vc_column_text][\/vc_column_text][\/vc_column][\/vc_row][vc_row el_class=\u00a0\u00bbcontainer mb-5&Prime;][vc_column][vc_column_text el_class=\u00a0\u00bbcheck-list fadeInBottom\u00a0\u00bb] Mod\u00e8le \u00e9conomique [&hellip;]<\/p>\n","protected":false},"author":1,"featured_media":2334,"parent":0,"menu_order":3,"comment_status":"closed","ping_status":"closed","template":"","meta":{"_monsterinsights_skip_tracking":false,"_monsterinsights_sitenote_active":false,"_monsterinsights_sitenote_note":"","_monsterinsights_sitenote_category":0,"footnotes":""},"acf":[],"aioseo_notices":[],"_links":{"self":[{"href":"https:\/\/adocia2.s18854168.onlinehome-server.info\/fr\/wp-json\/wp\/v2\/pages\/5209"}],"collection":[{"href":"https:\/\/adocia2.s18854168.onlinehome-server.info\/fr\/wp-json\/wp\/v2\/pages"}],"about":[{"href":"https:\/\/adocia2.s18854168.onlinehome-server.info\/fr\/wp-json\/wp\/v2\/types\/page"}],"author":[{"embeddable":true,"href":"https:\/\/adocia2.s18854168.onlinehome-server.info\/fr\/wp-json\/wp\/v2\/users\/1"}],"replies":[{"embeddable":true,"href":"https:\/\/adocia2.s18854168.onlinehome-server.info\/fr\/wp-json\/wp\/v2\/comments?post=5209"}],"version-history":[{"count":11,"href":"https:\/\/adocia2.s18854168.onlinehome-server.info\/fr\/wp-json\/wp\/v2\/pages\/5209\/revisions"}],"predecessor-version":[{"id":23965,"href":"https:\/\/adocia2.s18854168.onlinehome-server.info\/fr\/wp-json\/wp\/v2\/pages\/5209\/revisions\/23965"}],"wp:featuredmedia":[{"embeddable":true,"href":"https:\/\/adocia2.s18854168.onlinehome-server.info\/fr\/wp-json\/wp\/v2\/media\/2334"}],"wp:attachment":[{"href":"https:\/\/adocia2.s18854168.onlinehome-server.info\/fr\/wp-json\/wp\/v2\/media?parent=5209"}],"curies":[{"name":"wp","href":"https:\/\/api.w.org\/{rel}","templated":true}]}}