{"id":5151,"date":"2023-04-25T12:34:42","date_gmt":"2023-04-25T10:34:42","guid":{"rendered":"https:\/\/adocia2.s18854168.onlinehome-server.info\/adocia\/management\/"},"modified":"2024-05-07T10:25:13","modified_gmt":"2024-05-07T08:25:13","slug":"management","status":"publish","type":"page","link":"https:\/\/adocia2.s18854168.onlinehome-server.info\/fr\/adocia\/management\/","title":{"rendered":"Management"},"content":{"rendered":"<section class=\"wpb-content-wrapper\"><p>[vc_row content_placement=\u00a0\u00bbmiddle\u00a0\u00bb el_id=\u00a0\u00bbfirstimg\u00a0\u00bb css=\u00a0\u00bb.vc_custom_1715070310110{background-image: url(https:\/\/adocia2.s18854168.onlinehome-server.info\/composants\/uploads\/2024\/05\/adocia-2024-17-1.jpg?id=18285) !important;background-position: center !important;background-repeat: no-repeat !important;background-size: cover !important;}\u00a0\u00bb][vc_column][vc_row_inner el_class=\u00a0\u00bbcontainer\u00a0\u00bb][vc_column_inner el_class=\u00a0\u00bbfadeInLeft\u00a0\u00bb width=\u00a0\u00bb3\/4&Prime; offset=\u00a0\u00bbvc_col-md-5&Prime;][vc_column_text]<\/p>\n<h1>Management<\/h1>\n<p>[\/vc_column_text][vc_column_text][\/vc_column_text]\n        <a class=\"theme-btn\" href=\"https:\/\/adocia2.s18854168.onlinehome-server.info\/contact\/\" target=\"\" rel=\"\">\n        Contact us                    <img decoding=\"async\" src=\"https:\/\/adocia2.s18854168.onlinehome-server.info\/composants\/themes\/adocia\/inc\/assets\/img\/icon-arrow_right.svg\" alt=\"Arrow right\">\n            <\/a>\n    \n    [\/vc_column_inner][\/vc_row_inner][\/vc_column][\/vc_row][vc_row content_placement=\u00a0\u00bbmiddle\u00a0\u00bb el_class=\u00a0\u00bbcontainer block-separator\u00a0\u00bb][vc_column][vc_column_text][\/vc_column_text][\/vc_column][\/vc_row][vc_row el_class=\u00a0\u00bbcontainer mt-5&Prime;][vc_column][vc_column_text]\t\t\t<!-- Flexy Breadcrumb -->\r\n\t\t\t<div class=\"fbc fbc-page\">\r\n\r\n\t\t\t\t<!-- Breadcrumb wrapper -->\r\n\t\t\t\t<div class=\"fbc-wrap\">\r\n\r\n\t\t\t\t\t<!-- Ordered list-->\r\n\t\t\t\t\t<ol class=\"fbc-items\" itemscope itemtype=\"https:\/\/schema.org\/BreadcrumbList\">\r\n\t\t\t\t\t\t            <li itemprop=\"itemListElement\" itemscope itemtype=\"https:\/\/schema.org\/ListItem\">\r\n                <span itemprop=\"name\">\r\n                    <!-- Home Link -->\r\n                    <a itemprop=\"item\" href=\"https:\/\/adocia2.s18854168.onlinehome-server.info\/fr\/\">\r\n                    \r\n                        Accueil                    <\/a>\r\n                <\/span>\r\n                <meta itemprop=\"position\" content=\"1\" \/><!-- Meta Position-->\r\n             <\/li><li><span class=\"fbc-separator\">><\/span><\/li><li class=\"active\" itemprop=\"itemListElement\" itemscope itemtype=\"https:\/\/schema.org\/ListItem\"><span itemprop=\"name\" title=\"Management\">Management<\/span><meta itemprop=\"position\" content=\"2\" \/><\/li>\t\t\t\t\t<\/ol>\r\n\t\t\t\t\t<div class=\"clearfix\"><\/div>\r\n\t\t\t\t<\/div>\r\n\t\t\t<\/div>\r\n\t\t\t[\/vc_column_text][\/vc_column][\/vc_row][vc_row][vc_column][vc_column_text]<section class=\"wpb-content-wrapper\"><p>[vc_row el_class=\u00a0\u00bbcontainer\u00a0\u00bb][vc_column][vc_column_text]<\/p>\n<h2>Management<\/h2>\n<p>[\/vc_column_text][vc_row_inner el_class=\u00a0\u00bbd-flex flex-wrap\u00a0\u00bb][vc_column_inner width=\u00a0\u00bb1\/3&Prime; offset=\u00a0\u00bbvc_col-md-4&Prime;]\n    <div class=\"cstm-team\">\n                    <div class=\"img withline\">\n                <img loading=\"lazy\" decoding=\"async\" width=\"400\" height=\"400\" src=\"https:\/\/adocia2.s18854168.onlinehome-server.info\/composants\/uploads\/2023\/12\/D1_5868-Olivier-Soula.jpeg\" class=\"attachment-full size-full\" alt=\"\" srcset=\"https:\/\/adocia2.s18854168.onlinehome-server.info\/composants\/uploads\/2023\/12\/D1_5868-Olivier-Soula.jpeg 400w, https:\/\/adocia2.s18854168.onlinehome-server.info\/composants\/uploads\/2023\/12\/D1_5868-Olivier-Soula-300x300.jpeg 300w, https:\/\/adocia2.s18854168.onlinehome-server.info\/composants\/uploads\/2023\/12\/D1_5868-Olivier-Soula-150x150.jpeg 150w\" sizes=\"(max-width: 400px) 100vw, 400px\" \/>            <\/div>\n                <div class=\"name\">\n            Olivier Soula, PhD, MBA                            <span>Directeur G\u00e9n\u00e9ral,<br \/>\nCo-fondateur<\/span>\n                    <\/div>\n                    <div class=\"content\">\n                <div class=\"description\">\n                    Olivier Soula est titulaire d\u2019un doctorat en physico-chimie des polym\u00e8res et d\u2019un MBA. Pendant les 8 ann\u00e9es pass\u00e9es chez Flamel Technologies, o\u00f9 il \u00e9tait directeur de la recherche, il a men\u00e9 avec succ\u00e8s le d\u00e9veloppement de Medusa, une plateforme de lib\u00e9ration prolong\u00e9e de prot\u00e9ines th\u00e9rapeutiques qui a fait l\u2019objet d\u2019un partenariat avec Bristol Myers Squibb.<\/p>\n<p>En 2005, Olivier a fond\u00e9 Adocia avec son p\u00e8re, G\u00e9rard Soula, et son fr\u00e8re, R\u00e9mi Soula. Olivier a occup\u00e9 successivement les fonctions de directeur de la recherche et du d\u00e9veloppement, de directeur g\u00e9n\u00e9ral d\u00e9l\u00e9gu\u00e9 puis de directeur g\u00e9n\u00e9ral depuis 2023. Il a contribu\u00e9 \u00e0 la signature de 4 partenariats majeurs repr\u00e9sentant plus de 150 millions de dollars de revenus avec Eli Lilly et avec Tonghua Dongbao.<\/p>\n<p>Olivier est co-auteur de plus de 40 brevets sur la d\u00e9livrance de prot\u00e9ines et travaille depuis plus de 20 ans dans le domaine des formulations innovantes d\u2019insuline.                <\/div>\n                                    <button>\n                        <img decoding=\"async\" src=\"https:\/\/adocia2.s18854168.onlinehome-server.info\/composants\/themes\/adocia\/inc\/assets\/img\/icon-plus.png\" alt=\"Icone plus\">\n                        <img decoding=\"async\" src=\"https:\/\/adocia2.s18854168.onlinehome-server.info\/composants\/themes\/adocia\/inc\/assets\/img\/icon-moins.png\" alt=\"Icone moins\">\n                    <\/button>\n                            <\/div>\n            <\/div>\n\n    [\/vc_column_inner][vc_column_inner width=\u00a0\u00bb1\/3&Prime; offset=\u00a0\u00bbvc_col-md-4&Prime;]\n    <div class=\"cstm-team\">\n                    <div class=\"img withline\">\n                <img decoding=\"async\" src=\"https:\/\/adocia2.s18854168.onlinehome-server.info\/composants\/uploads\/2025\/02\/ADOCIA-Mathieu-2008-Site-web.jpg\" class=\"attachment-full size-full\" alt=\"ADOCIA CFO COO -Mathieu William Gilbert\" \/>            <\/div>\n                <div class=\"name\">\n            Mathieu-William Gilbert                            <span>Directeur Administratif &amp; Financier - Directeur des Op\u00e9rations<\/span>\n                    <\/div>\n                    <div class=\"content\">\n                <div class=\"description\">\n                    Mathieu-William Gilbert a d\u00e9but\u00e9 sa carri\u00e8re chez KPMG et Sanofi Aventis, en audit financier et contr\u00f4le interne, avant de rejoindre les fonctions financi\u00e8res de Novo Nordisk et de se voir confier les Directions Financi\u00e8res de l\u2019Alg\u00e9rie, puis de la r\u00e9gion Am\u00e9rique Latine.<\/p>\n<p>Par la suite, Mathieu a occup\u00e9 le poste de Vice-Pr\u00e9sident et Directeur G\u00e9n\u00e9ral de six filiales d\u2019Am\u00e9rique Latine, avec la responsabilit\u00e9 de l&rsquo;ensemble des activit\u00e9s de Novo Nordisk sur la r\u00e9gion, ainsi que de la mise en place de la franchise Ob\u00e9sit\u00e9 et du lancement commercial d\u2019Ozempic\u00ae.<\/p>\n<p>Enfin, Mathieu a \u00e9t\u00e9 Vice-Pr\u00e9sident des Projets Strat\u00e9giques au sein des Op\u00e9rations Commerciales Internationales chez Novo Nordisk, bas\u00e9 \u00e0 Zurich.                <\/div>\n                                    <button>\n                        <img decoding=\"async\" src=\"https:\/\/adocia2.s18854168.onlinehome-server.info\/composants\/themes\/adocia\/inc\/assets\/img\/icon-plus.png\" alt=\"Icone plus\">\n                        <img decoding=\"async\" src=\"https:\/\/adocia2.s18854168.onlinehome-server.info\/composants\/themes\/adocia\/inc\/assets\/img\/icon-moins.png\" alt=\"Icone moins\">\n                    <\/button>\n                            <\/div>\n            <\/div>\n\n    [\/vc_column_inner][vc_column_inner width=\u00a0\u00bb1\/3&Prime;][\/vc_column_inner][\/vc_row_inner][vc_row_inner el_class=\u00a0\u00bbd-flex flex-wrap\u00a0\u00bb][vc_column_inner width=\u00a0\u00bb1\/2&Prime; offset=\u00a0\u00bbvc_col-md-4&Prime;]\n    <div class=\"cstm-team\">\n                    <div class=\"img\">\n                <img loading=\"lazy\" decoding=\"async\" width=\"400\" height=\"400\" src=\"https:\/\/adocia2.s18854168.onlinehome-server.info\/composants\/uploads\/2023\/12\/D1_3044-Je\u2560ure\u2560umy-Benattar.jpeg\" class=\"attachment-full size-full\" alt=\"\" srcset=\"https:\/\/adocia2.s18854168.onlinehome-server.info\/composants\/uploads\/2023\/12\/D1_3044-Je\u2560ure\u2560umy-Benattar.jpeg 400w, https:\/\/adocia2.s18854168.onlinehome-server.info\/composants\/uploads\/2023\/12\/D1_3044-Je\u2560ure\u2560umy-Benattar-300x300.jpeg 300w, https:\/\/adocia2.s18854168.onlinehome-server.info\/composants\/uploads\/2023\/12\/D1_3044-Je\u2560ure\u2560umy-Benattar-150x150.jpeg 150w\" sizes=\"(max-width: 400px) 100vw, 400px\" \/>            <\/div>\n                <div class=\"name\">\n            J\u00e9r\u00e9my Benattar, PharmD, Eng                            <span>Directeur Marketing &amp; Strat\u00e9gie<\/span>\n                    <\/div>\n            <\/div>\n\n    [\/vc_column_inner][vc_column_inner width=\u00a0\u00bb1\/2&Prime; offset=\u00a0\u00bbvc_col-md-4&Prime;]\n    <div class=\"cstm-team\">\n                    <div class=\"img withline\">\n                <img loading=\"lazy\" decoding=\"async\" width=\"400\" height=\"400\" src=\"https:\/\/adocia2.s18854168.onlinehome-server.info\/composants\/uploads\/2023\/12\/D1_2276-Martin-Gautier.jpeg\" class=\"attachment-full size-full\" alt=\"\" srcset=\"https:\/\/adocia2.s18854168.onlinehome-server.info\/composants\/uploads\/2023\/12\/D1_2276-Martin-Gautier.jpeg 400w, https:\/\/adocia2.s18854168.onlinehome-server.info\/composants\/uploads\/2023\/12\/D1_2276-Martin-Gautier-300x300.jpeg 300w, https:\/\/adocia2.s18854168.onlinehome-server.info\/composants\/uploads\/2023\/12\/D1_2276-Martin-Gautier-150x150.jpeg 150w\" sizes=\"(max-width: 400px) 100vw, 400px\" \/>            <\/div>\n                <div class=\"name\">\n            Martin Gaudier, PhD                            <span>Directeur Recherche &amp; D\u00e9veloppement<\/span>\n                    <\/div>\n            <\/div>\n\n    [\/vc_column_inner][vc_column_inner width=\u00a0\u00bb1\/2&Prime; offset=\u00a0\u00bbvc_col-md-4&Prime;]\n    <div class=\"cstm-team\">\n                    <div class=\"img withline\">\n                <img loading=\"lazy\" decoding=\"async\" width=\"400\" height=\"400\" src=\"https:\/\/adocia2.s18854168.onlinehome-server.info\/composants\/uploads\/2023\/12\/D1_2906-You-Ping-Chan.jpeg\" class=\"attachment-full size-full\" alt=\"\" srcset=\"https:\/\/adocia2.s18854168.onlinehome-server.info\/composants\/uploads\/2023\/12\/D1_2906-You-Ping-Chan.jpeg 400w, https:\/\/adocia2.s18854168.onlinehome-server.info\/composants\/uploads\/2023\/12\/D1_2906-You-Ping-Chan-300x300.jpeg 300w, https:\/\/adocia2.s18854168.onlinehome-server.info\/composants\/uploads\/2023\/12\/D1_2906-You-Ping-Chan-150x150.jpeg 150w\" sizes=\"(max-width: 400px) 100vw, 400px\" \/>            <\/div>\n                <div class=\"name\">\n            You Ping Chan, PhD, MBA                            <span>Directeur Recherche &amp; D\u00e9veloppement<\/span>\n                    <\/div>\n            <\/div>\n\n    [\/vc_column_inner][vc_column_inner width=\u00a0\u00bb1\/2&Prime; offset=\u00a0\u00bbvc_col-md-4&Prime;]\n    <div class=\"cstm-team\">\n                    <div class=\"img withline\">\n                <img loading=\"lazy\" decoding=\"async\" width=\"400\" height=\"400\" src=\"https:\/\/adocia2.s18854168.onlinehome-server.info\/composants\/uploads\/2023\/12\/D1_2987-Emmanuel-Dauty.jpeg\" class=\"attachment-full size-full\" alt=\"\" srcset=\"https:\/\/adocia2.s18854168.onlinehome-server.info\/composants\/uploads\/2023\/12\/D1_2987-Emmanuel-Dauty.jpeg 400w, https:\/\/adocia2.s18854168.onlinehome-server.info\/composants\/uploads\/2023\/12\/D1_2987-Emmanuel-Dauty-300x300.jpeg 300w, https:\/\/adocia2.s18854168.onlinehome-server.info\/composants\/uploads\/2023\/12\/D1_2987-Emmanuel-Dauty-150x150.jpeg 150w\" sizes=\"(max-width: 400px) 100vw, 400px\" \/>            <\/div>\n                <div class=\"name\">\n            Emmanuel Dauty, PhD                            <span>Directeur Innovation &amp; D\u00e9partement Physico-Chimie<\/span>\n                    <\/div>\n            <\/div>\n\n    [\/vc_column_inner][vc_column_inner width=\u00a0\u00bb1\/2&Prime; offset=\u00a0\u00bbvc_col-md-4&Prime;]\n    <div class=\"cstm-team\">\n                    <div class=\"img withline\">\n                <img loading=\"lazy\" decoding=\"async\" width=\"400\" height=\"400\" src=\"https:\/\/adocia2.s18854168.onlinehome-server.info\/composants\/uploads\/2023\/12\/D1_6030-David-Rigal.jpeg\" class=\"attachment-full size-full\" alt=\"\" srcset=\"https:\/\/adocia2.s18854168.onlinehome-server.info\/composants\/uploads\/2023\/12\/D1_6030-David-Rigal.jpeg 400w, https:\/\/adocia2.s18854168.onlinehome-server.info\/composants\/uploads\/2023\/12\/D1_6030-David-Rigal-300x300.jpeg 300w, https:\/\/adocia2.s18854168.onlinehome-server.info\/composants\/uploads\/2023\/12\/D1_6030-David-Rigal-150x150.jpeg 150w\" sizes=\"(max-width: 400px) 100vw, 400px\" \/>            <\/div>\n                <div class=\"name\">\n            David Rigal, Eng                            <span>Directeur des Op\u00e9rations Pharmaceutiques<\/span>\n                    <\/div>\n            <\/div>\n\n    [\/vc_column_inner][vc_column_inner width=\u00a0\u00bb1\/2&Prime; offset=\u00a0\u00bbvc_col-md-4&Prime;]\n    <div class=\"cstm-team\">\n                    <div class=\"img withline\">\n                <img loading=\"lazy\" decoding=\"async\" width=\"400\" height=\"400\" src=\"https:\/\/adocia2.s18854168.onlinehome-server.info\/composants\/uploads\/2023\/12\/D1_2450-Ge\u2560uraldine-Soula.jpeg\" class=\"attachment-full size-full\" alt=\"\" srcset=\"https:\/\/adocia2.s18854168.onlinehome-server.info\/composants\/uploads\/2023\/12\/D1_2450-Ge\u2560uraldine-Soula.jpeg 400w, https:\/\/adocia2.s18854168.onlinehome-server.info\/composants\/uploads\/2023\/12\/D1_2450-Ge\u2560uraldine-Soula-300x300.jpeg 300w, https:\/\/adocia2.s18854168.onlinehome-server.info\/composants\/uploads\/2023\/12\/D1_2450-Ge\u2560uraldine-Soula-150x150.jpeg 150w\" sizes=\"(max-width: 400px) 100vw, 400px\" \/>            <\/div>\n                <div class=\"name\">\n            G\u00e9raldine Favre Soula                            <span>Directrice des Ressources Humaines<\/span>\n                    <\/div>\n            <\/div>\n\n    [\/vc_column_inner][vc_column_inner width=\u00a0\u00bb1\/2&Prime; offset=\u00a0\u00bbvc_col-md-4&Prime;][\/vc_column_inner][vc_column_inner width=\u00a0\u00bb1\/2&Prime; offset=\u00a0\u00bbvc_col-md-4&Prime;][\/vc_column_inner][\/vc_row_inner][\/vc_column][\/vc_row]<\/p>\n<\/section>[\/vc_column_text][\/vc_column][\/vc_row]<\/p>\n<\/section>","protected":false},"excerpt":{"rendered":"<p>[vc_row content_placement=\u00a0\u00bbmiddle\u00a0\u00bb el_id=\u00a0\u00bbfirstimg\u00a0\u00bb css=\u00a0\u00bb.vc_custom_1715070310110{background-image: url(https:\/\/adocia2.s18854168.onlinehome-server.info\/composants\/uploads\/2024\/05\/adocia-2024-17-1.jpg?id=18285) !important;background-position: center !important;background-repeat: no-repeat !important;background-size: cover !important;}\u00a0\u00bb][vc_column][vc_row_inner el_class=\u00a0\u00bbcontainer\u00a0\u00bb][vc_column_inner el_class=\u00a0\u00bbfadeInLeft\u00a0\u00bb width=\u00a0\u00bb3\/4&Prime; offset=\u00a0\u00bbvc_col-md-5&Prime;][vc_column_text] Management [\/vc_column_text][vc_column_text][\/vc_column_text][\/vc_column_inner][\/vc_row_inner][\/vc_column][\/vc_row][vc_row content_placement=\u00a0\u00bbmiddle\u00a0\u00bb el_class=\u00a0\u00bbcontainer block-separator\u00a0\u00bb][vc_column][vc_column_text][\/vc_column_text][\/vc_column][\/vc_row][vc_row el_class=\u00a0\u00bbcontainer mt-5&Prime;][vc_column][vc_column_text][\/vc_column_text][\/vc_column][\/vc_row][vc_row][vc_column][vc_column_text][\/vc_column_text][\/vc_column][\/vc_row]<\/p>\n","protected":false},"author":1,"featured_media":0,"parent":5128,"menu_order":2,"comment_status":"closed","ping_status":"closed","template":"","meta":{"_monsterinsights_skip_tracking":false,"_monsterinsights_sitenote_active":false,"_monsterinsights_sitenote_note":"","_monsterinsights_sitenote_category":0,"footnotes":""},"acf":[],"aioseo_notices":[],"_links":{"self":[{"href":"https:\/\/adocia2.s18854168.onlinehome-server.info\/fr\/wp-json\/wp\/v2\/pages\/5151"}],"collection":[{"href":"https:\/\/adocia2.s18854168.onlinehome-server.info\/fr\/wp-json\/wp\/v2\/pages"}],"about":[{"href":"https:\/\/adocia2.s18854168.onlinehome-server.info\/fr\/wp-json\/wp\/v2\/types\/page"}],"author":[{"embeddable":true,"href":"https:\/\/adocia2.s18854168.onlinehome-server.info\/fr\/wp-json\/wp\/v2\/users\/1"}],"replies":[{"embeddable":true,"href":"https:\/\/adocia2.s18854168.onlinehome-server.info\/fr\/wp-json\/wp\/v2\/comments?post=5151"}],"version-history":[{"count":32,"href":"https:\/\/adocia2.s18854168.onlinehome-server.info\/fr\/wp-json\/wp\/v2\/pages\/5151\/revisions"}],"predecessor-version":[{"id":18287,"href":"https:\/\/adocia2.s18854168.onlinehome-server.info\/fr\/wp-json\/wp\/v2\/pages\/5151\/revisions\/18287"}],"up":[{"embeddable":true,"href":"https:\/\/adocia2.s18854168.onlinehome-server.info\/fr\/wp-json\/wp\/v2\/pages\/5128"}],"wp:attachment":[{"href":"https:\/\/adocia2.s18854168.onlinehome-server.info\/fr\/wp-json\/wp\/v2\/media?parent=5151"}],"curies":[{"name":"wp","href":"https:\/\/api.w.org\/{rel}","templated":true}]}}